{"id":8115,"date":"2026-01-25T21:52:17","date_gmt":"2026-01-25T20:52:17","guid":{"rendered":"https:\/\/evergold.de\/?post_type=product&#038;p=8115"},"modified":"2026-01-26T05:52:29","modified_gmt":"2026-01-26T04:52:29","slug":"nova-s-pro-set-mit-deluxe-tragetasche","status":"publish","type":"product","link":"https:\/\/evergold.de\/fr\/shop\/nova-s-pro-set-mit-deluxe-tragetasche\/","title":{"rendered":"Nova S Pro SET (Mit Deluxe-Tragetasche)"},"content":{"rendered":"<h4><strong>Tragbarer Tischtennis-Aufschlagroboter<\/strong><\/h4>\n<p>Erschwinglich und tragbar, ideal f\u00fcr Anf\u00e4nger, mit 264 vorprogrammierten \u00dcbungen. Passen Sie die \u00dcbungen mit der intuitiven App und dem N-Control-S-Controller ganz einfach an Ihr Spielniveau und Ihren Spielstil an.<\/p>\n<h4>Garantie<\/h4>\n<p>Roboter (Hauptger\u00e4t): 1 Jahr Garantie<br \/>\nKernkomponenten (seitlicher Drehmotor, linker und rechter Drehmotor, Neigungsmotor, Ballpressmotor, Ballzufuhrmotor \u2013 ohne Getriebe): 3 Jahre Garantie<br \/>\nVerschlei\u00dfteile (Ballpressrad): 1 Jahr Garantie<br \/>\nZubeh\u00f6r (Adapter, Ballr\u00fcckf\u00fchrungsnetz, N-Control, E-PAD mit Lithium-Batterie, Typ-C-Ladekabel, Netzclip): 1 Jahr Garantie<\/p>\n<h4 data-start=\"90\" data-end=\"149\"><strong data-start=\"90\" data-end=\"147\">Versandinformationen<\/strong><\/h4>\n<ul data-start=\"151\" data-end=\"385\">\n<li data-start=\"151\" data-end=\"209\"><strong data-start=\"153\" data-end=\"180\">Versand aus Deutschland<\/strong> nach EU und CH \u2013 schnell und zuverl\u00e4ssig und <strong data-start=\"215\" data-end=\"228\">kostenlos<\/strong>.<\/li>\n<\/ul>\n<p>Wir versenden Ihre Bestellung direkt aus unserem deutschen Lager \u2013 ohne zus\u00e4tzliche Zoll- oder Importkosten.<\/p>\n\n","protected":false},"excerpt":{"rendered":"<p>Tragbarer Tischtennis-Aufschlagroboter. Wir versenden Ihre Bestellung direkt aus unserem deutschen Lager \u2013 ohne zus\u00e4tzliche Zoll- oder Importkosten.<\/p>\n","protected":false},"featured_media":8121,"comment_status":"open","ping_status":"closed","template":"","meta":{"_acf_changed":false,"content-type":""},"pwb-brand":[],"product_brand":[],"product_cat":[633,632,634],"product_tag":[635],"class_list":{"0":"post-8115","1":"product","2":"type-product","3":"status-publish","4":"has-post-thumbnail","6":"product_cat-einsteiger-modelle-fuer-hobbyspieler","7":"product_cat-tischtennis-ballroboter","8":"product_cat-zubehoer-fangnetze-baelle-ersatzteile","9":"product_tag-tragbarer-tischtennis-aufschlagroboter","11":"first","12":"outofstock","13":"sale","14":"taxable","15":"shipping-taxable","16":"purchasable","17":"product-type-simple"},"acf":[],"brands":[],"_links":{"self":[{"href":"https:\/\/evergold.de\/fr\/wp-json\/wp\/v2\/product\/8115","targetHints":{"allow":["GET"]}}],"collection":[{"href":"https:\/\/evergold.de\/fr\/wp-json\/wp\/v2\/product"}],"about":[{"href":"https:\/\/evergold.de\/fr\/wp-json\/wp\/v2\/types\/product"}],"replies":[{"embeddable":true,"href":"https:\/\/evergold.de\/fr\/wp-json\/wp\/v2\/comments?post=8115"}],"wp:featuredmedia":[{"embeddable":true,"href":"https:\/\/evergold.de\/fr\/wp-json\/wp\/v2\/media\/8121"}],"wp:attachment":[{"href":"https:\/\/evergold.de\/fr\/wp-json\/wp\/v2\/media?parent=8115"}],"wp:term":[{"taxonomy":"pwb-brand","embeddable":true,"href":"https:\/\/evergold.de\/fr\/wp-json\/wp\/v2\/pwb-brand?post=8115"},{"taxonomy":"product_brand","embeddable":true,"href":"https:\/\/evergold.de\/fr\/wp-json\/wp\/v2\/product_brand?post=8115"},{"taxonomy":"product_cat","embeddable":true,"href":"https:\/\/evergold.de\/fr\/wp-json\/wp\/v2\/product_cat?post=8115"},{"taxonomy":"product_tag","embeddable":true,"href":"https:\/\/evergold.de\/fr\/wp-json\/wp\/v2\/product_tag?post=8115"}],"curies":[{"name":"wp","href":"https:\/\/api.w.org\/{rel}","templated":true}]}}