{"id":8120,"date":"2026-01-25T21:52:18","date_gmt":"2026-01-25T20:52:18","guid":{"rendered":"https:\/\/evergold.de\/?post_type=product&#038;p=8120"},"modified":"2026-01-26T05:54:19","modified_gmt":"2026-01-26T04:54:19","slug":"pace-s","status":"publish","type":"product","link":"https:\/\/evergold.de\/en\/shop\/pace-s\/","title":{"rendered":"Pace S"},"content":{"rendered":"<h6>Intelligente tragbare Tennisballmaschine<\/h6>\n<p><strong>Leistung auf Profi-Niveau<\/strong><br \/>\nSp\u00fcren Sie die Geschwindigkeit von 128 km\/h, 60 Umdrehungen pro Sekunde und 1,5 Sekunden Spinwechsel.<\/p>\n<p><strong>KI-gest\u00fctzter Trainer<\/strong><br \/>\nTrainieren Sie mit der weltweit ersten Bewegungserfassung.<\/p>\n<p><strong>Unbegrenzte individuelle \u00dcbungen<\/strong><br \/>\nGreifen Sie auf \u00fcber 396 voreingestellte \u00dcbungen zu oder erstellen Sie Ihre eigenen mit wenigen Fingertipps.<\/p>\n<p><strong>Nahtloses Erlebnis<\/strong><br \/>\nGenie\u00dfen Sie bis zu 8 Stunden Spielspa\u00df mit App und Fernbedienung.<\/p>\n<h4 data-start=\"90\" data-end=\"149\"><strong data-start=\"90\" data-end=\"147\">Versandinformationen<\/strong><\/h4>\n<ul data-start=\"151\" data-end=\"385\">\n<li data-start=\"151\" data-end=\"209\"><strong data-start=\"153\" data-end=\"180\">Versand aus Deutschland<\/strong>\u00a0nach EU und CH \u2013 schnell und zuverl\u00e4ssig und\u00a0<strong data-start=\"215\" data-end=\"228\">kostenlos<\/strong>.<\/li>\n<\/ul>\n<p><strong style=\"color: #333333; font-family: Raleway, Helvetica, Arial, sans-serif; font-size: 1.25rem;\" data-start=\"57\" data-end=\"93\">Vergleich: Pace S vs. Pace S Pro<\/strong><\/p>\n<div class=\"_tableContainer_1rjym_1\">\n<div class=\"group _tableWrapper_1rjym_13 flex w-fit flex-col-reverse\" tabindex=\"-1\">\n<table class=\"w-fit min-w-(--thread-content-width)\" data-start=\"95\" data-end=\"1614\">\n<thead data-start=\"95\" data-end=\"155\">\n<tr data-start=\"95\" data-end=\"155\">\n<th data-start=\"95\" data-end=\"110\" data-col-size=\"sm\"><strong data-start=\"97\" data-end=\"109\">Funktion<\/strong><\/th>\n<th data-start=\"110\" data-end=\"124\" data-col-size=\"md\"><strong data-start=\"112\" data-end=\"123\">Details<\/strong><\/th>\n<th data-start=\"124\" data-end=\"137\" data-col-size=\"sm\"><strong data-start=\"126\" data-end=\"136\">Pace S<\/strong><\/th>\n<th data-start=\"137\" data-end=\"155\" data-col-size=\"sm\"><strong data-start=\"139\" data-end=\"153\">Pace S Pro<\/strong><\/th>\n<\/tr>\n<\/thead>\n<tbody data-start=\"221\" data-end=\"1614\">\n<tr data-start=\"221\" data-end=\"289\">\n<td data-start=\"221\" data-end=\"249\" data-col-size=\"sm\"><strong data-start=\"223\" data-end=\"248\">Intelligentes Zubeh\u00f6r<\/strong><\/td>\n<td data-col-size=\"md\" data-start=\"249\" data-end=\"280\">Positionierungsw\u00fcrfel-Sensor<\/td>\n<td data-col-size=\"sm\" data-start=\"280\" data-end=\"284\">\u2717<\/td>\n<td data-col-size=\"sm\" data-start=\"284\" data-end=\"289\">\u2713<\/td>\n<\/tr>\n<tr data-start=\"290\" data-end=\"381\">\n<td data-start=\"290\" data-end=\"320\" data-col-size=\"sm\"><strong data-start=\"292\" data-end=\"319\">Intelligente Funktionen<\/strong><\/td>\n<td data-col-size=\"md\" data-start=\"320\" data-end=\"372\">Regenerations\u00fcbungen (Recovery Trigger Exercises)<\/td>\n<td data-col-size=\"sm\" data-start=\"372\" data-end=\"376\">\u2717<\/td>\n<td data-col-size=\"sm\" data-start=\"376\" data-end=\"381\">\u2713<\/td>\n<\/tr>\n<tr data-start=\"382\" data-end=\"452\">\n<td data-start=\"382\" data-end=\"385\" data-col-size=\"sm\"><\/td>\n<td data-start=\"385\" data-end=\"443\" data-col-size=\"md\">Adaptive Ballwechsel-\u00dcbungen (Adaptive Rally Exercises)<\/td>\n<td data-col-size=\"sm\" data-start=\"443\" data-end=\"447\">\u2717<\/td>\n<td data-col-size=\"sm\" data-start=\"447\" data-end=\"452\">\u2713<\/td>\n<\/tr>\n<tr data-start=\"453\" data-end=\"507\">\n<td data-start=\"453\" data-end=\"456\" data-col-size=\"sm\"><\/td>\n<td data-start=\"456\" data-end=\"498\" data-col-size=\"md\">Match-Herausforderung (Match Challenge)<\/td>\n<td data-col-size=\"sm\" data-start=\"498\" data-end=\"502\">\u2717<\/td>\n<td data-col-size=\"sm\" data-start=\"502\" data-end=\"507\">\u2713<\/td>\n<\/tr>\n<tr data-start=\"508\" data-end=\"536\">\n<td data-start=\"508\" data-end=\"511\" data-col-size=\"sm\"><\/td>\n<td data-start=\"511\" data-end=\"527\" data-col-size=\"md\">Arena of Dash<\/td>\n<td data-col-size=\"sm\" data-start=\"527\" data-end=\"531\">\u2717<\/td>\n<td data-col-size=\"sm\" data-start=\"531\" data-end=\"536\">\u2713<\/td>\n<\/tr>\n<tr data-start=\"537\" data-end=\"615\">\n<td data-start=\"537\" data-end=\"574\" data-col-size=\"sm\"><strong data-start=\"539\" data-end=\"573\">Integrierte Trainingsprogramme<\/strong><\/td>\n<td data-col-size=\"md\" data-start=\"574\" data-end=\"602\">Vorgegebene Schlag-Drills<\/td>\n<td data-col-size=\"sm\" data-start=\"602\" data-end=\"608\">396<\/td>\n<td data-col-size=\"sm\" data-start=\"608\" data-end=\"615\">564<\/td>\n<\/tr>\n<tr data-start=\"616\" data-end=\"693\">\n<td data-start=\"616\" data-end=\"636\" data-col-size=\"sm\"><strong data-start=\"618\" data-end=\"635\">Fernsteuerung<\/strong><\/td>\n<td data-col-size=\"md\" data-start=\"636\" data-end=\"684\">App-Synchronisation f\u00fcr integrierte Programme<\/td>\n<td data-col-size=\"sm\" data-start=\"684\" data-end=\"688\">\u2713<\/td>\n<td data-col-size=\"sm\" data-start=\"688\" data-end=\"693\">\u2713<\/td>\n<\/tr>\n<tr data-start=\"694\" data-end=\"735\">\n<td data-start=\"694\" data-end=\"697\" data-col-size=\"sm\"><\/td>\n<td data-start=\"697\" data-end=\"726\" data-col-size=\"md\">OTA (Over-the-Air Updates)<\/td>\n<td data-col-size=\"sm\" data-start=\"726\" data-end=\"730\">\u2713<\/td>\n<td data-col-size=\"sm\" data-start=\"730\" data-end=\"735\">\u2713<\/td>\n<\/tr>\n<tr data-start=\"736\" data-end=\"802\">\n<td data-start=\"736\" data-end=\"757\" data-col-size=\"sm\"><strong data-start=\"738\" data-end=\"756\">App-Funktionen<\/strong><\/td>\n<td data-col-size=\"md\" data-start=\"757\" data-end=\"793\">Benutzerdefinierte Programmierung<\/td>\n<td data-col-size=\"sm\" data-start=\"793\" data-end=\"797\">\u2713<\/td>\n<td data-col-size=\"sm\" data-start=\"797\" data-end=\"802\">\u2713<\/td>\n<\/tr>\n<tr data-start=\"803\" data-end=\"864\">\n<td data-start=\"803\" data-end=\"806\" data-col-size=\"sm\"><\/td>\n<td data-start=\"806\" data-end=\"855\" data-col-size=\"md\">Trainingslager-Sharing (Training Camp Sharing)<\/td>\n<td data-col-size=\"sm\" data-start=\"855\" data-end=\"859\">\u2713<\/td>\n<td data-col-size=\"sm\" data-start=\"859\" data-end=\"864\">\u2713<\/td>\n<\/tr>\n<tr data-start=\"865\" data-end=\"906\">\n<td data-start=\"865\" data-end=\"868\" data-col-size=\"sm\"><\/td>\n<td data-start=\"868\" data-end=\"897\" data-col-size=\"md\">OTA (Over-the-Air Updates)<\/td>\n<td data-col-size=\"sm\" data-start=\"897\" data-end=\"901\">\u2713<\/td>\n<td data-col-size=\"sm\" data-start=\"901\" data-end=\"906\">\u2713<\/td>\n<\/tr>\n<tr data-start=\"907\" data-end=\"1048\">\n<td data-start=\"907\" data-end=\"941\" data-col-size=\"sm\"><strong data-start=\"909\" data-end=\"940\">Mehrpositions-Einstellungen<\/strong><\/td>\n<td data-col-size=\"md\" data-start=\"941\" data-end=\"1039\">Grundlinie Mitte, Grundlinie links, Grundlinie rechts, N\u00e4he Netzmitte, Wurfmodus (links\/rechts)<\/td>\n<td data-col-size=\"sm\" data-start=\"1039\" data-end=\"1043\">\u2713<\/td>\n<td data-col-size=\"sm\" data-start=\"1043\" data-end=\"1048\">\u2713<\/td>\n<\/tr>\n<tr data-start=\"1049\" data-end=\"1100\">\n<td data-start=\"1049\" data-end=\"1075\" data-col-size=\"sm\"><strong data-start=\"1051\" data-end=\"1074\">Ballgeschwindigkeit<\/strong><\/td>\n<td data-col-size=\"md\" data-start=\"1075\" data-end=\"1091\">25,2\u2013130 km\/h<\/td>\n<td data-col-size=\"sm\" data-start=\"1091\" data-end=\"1095\">\u2713<\/td>\n<td data-col-size=\"sm\" data-start=\"1095\" data-end=\"1100\">\u2713<\/td>\n<\/tr>\n<tr data-start=\"1101\" data-end=\"1172\">\n<td data-start=\"1101\" data-end=\"1120\" data-col-size=\"sm\"><strong data-start=\"1103\" data-end=\"1119\">Treffbereich<\/strong><\/td>\n<td data-col-size=\"md\" data-start=\"1120\" data-end=\"1163\">Halbes Spielfeld, vollst\u00e4ndige Abdeckung<\/td>\n<td data-col-size=\"sm\" data-start=\"1163\" data-end=\"1167\">\u2713<\/td>\n<td data-col-size=\"sm\" data-start=\"1167\" data-end=\"1172\">\u2713<\/td>\n<\/tr>\n<tr data-start=\"1173\" data-end=\"1213\">\n<td data-start=\"1173\" data-end=\"1195\" data-col-size=\"sm\"><strong data-start=\"1175\" data-end=\"1194\">Spin-Intensit\u00e4t<\/strong><\/td>\n<td data-col-size=\"md\" data-start=\"1195\" data-end=\"1204\">60 U\/s<\/td>\n<td data-col-size=\"sm\" data-start=\"1204\" data-end=\"1208\">\u2713<\/td>\n<td data-col-size=\"sm\" data-start=\"1208\" data-end=\"1213\">\u2713<\/td>\n<\/tr>\n<tr data-start=\"1214\" data-end=\"1275\">\n<td data-start=\"1214\" data-end=\"1231\" data-col-size=\"sm\"><strong data-start=\"1216\" data-end=\"1230\">Spin-Arten<\/strong><\/td>\n<td data-col-size=\"md\" data-start=\"1231\" data-end=\"1266\">Topspin, Unterschnitt, Kein Spin<\/td>\n<td data-col-size=\"sm\" data-start=\"1266\" data-end=\"1270\">\u2713<\/td>\n<td data-col-size=\"sm\" data-start=\"1270\" data-end=\"1275\">\u2713<\/td>\n<\/tr>\n<tr data-start=\"1276\" data-end=\"1316\">\n<td data-start=\"1276\" data-end=\"1296\" data-col-size=\"sm\"><strong data-start=\"1278\" data-end=\"1295\">Ballintervall<\/strong><\/td>\n<td data-col-size=\"md\" data-start=\"1296\" data-end=\"1307\">1,5\u201312 s<\/td>\n<td data-col-size=\"sm\" data-start=\"1307\" data-end=\"1311\">\u2713<\/td>\n<td data-col-size=\"sm\" data-start=\"1311\" data-end=\"1316\">\u2713<\/td>\n<\/tr>\n<tr data-start=\"1317\" data-end=\"1373\">\n<td data-start=\"1317\" data-end=\"1343\" data-col-size=\"sm\"><strong data-start=\"1319\" data-end=\"1342\">Abmessungen (L\u00d7B\u00d7H)<\/strong><\/td>\n<td data-col-size=\"md\" data-start=\"1343\" data-end=\"1364\">586 \u00d7 340 \u00d7 428 mm<\/td>\n<td data-col-size=\"sm\" data-start=\"1364\" data-end=\"1368\">\u2713<\/td>\n<td data-col-size=\"sm\" data-start=\"1368\" data-end=\"1373\">\u2713<\/td>\n<\/tr>\n<tr data-start=\"1374\" data-end=\"1407\">\n<td data-start=\"1374\" data-end=\"1388\" data-col-size=\"sm\"><strong data-start=\"1376\" data-end=\"1387\">Gewicht<\/strong><\/td>\n<td data-col-size=\"md\" data-start=\"1388\" data-end=\"1398\">17,3 kg<\/td>\n<td data-col-size=\"sm\" data-start=\"1398\" data-end=\"1402\">\u2713<\/td>\n<td data-col-size=\"sm\" data-start=\"1402\" data-end=\"1407\">\u2713<\/td>\n<\/tr>\n<tr data-start=\"1408\" data-end=\"1449\">\n<td data-start=\"1408\" data-end=\"1428\" data-col-size=\"sm\"><strong data-start=\"1410\" data-end=\"1427\">Ballkapazit\u00e4t<\/strong><\/td>\n<td data-col-size=\"md\" data-start=\"1428\" data-end=\"1440\">150 B\u00e4lle<\/td>\n<td data-col-size=\"sm\" data-start=\"1440\" data-end=\"1444\">\u2713<\/td>\n<td data-col-size=\"sm\" data-start=\"1444\" data-end=\"1449\">\u2713<\/td>\n<\/tr>\n<tr data-start=\"1450\" data-end=\"1495\">\n<td data-start=\"1450\" data-end=\"1469\" data-col-size=\"sm\"><strong data-start=\"1452\" data-end=\"1468\">Akkulaufzeit<\/strong><\/td>\n<td data-col-size=\"md\" data-start=\"1469\" data-end=\"1486\">\u00fcber 8 Stunden<\/td>\n<td data-col-size=\"sm\" data-start=\"1486\" data-end=\"1490\">\u2713<\/td>\n<td data-col-size=\"sm\" data-start=\"1490\" data-end=\"1495\">\u2713<\/td>\n<\/tr>\n<tr data-start=\"1496\" data-end=\"1561\">\n<td data-start=\"1496\" data-end=\"1523\" data-col-size=\"sm\"><strong data-start=\"1498\" data-end=\"1522\">Design \/ Erscheinung<\/strong><\/td>\n<td data-col-size=\"md\" data-start=\"1523\" data-end=\"1552\">LED-Anzeige f\u00fcr Lichtmodus<\/td>\n<td data-col-size=\"sm\" data-start=\"1552\" data-end=\"1556\">\u2713<\/td>\n<td data-col-size=\"sm\" data-start=\"1556\" data-end=\"1561\">\u2713<\/td>\n<\/tr>\n<tr data-start=\"1562\" data-end=\"1614\">\n<td data-start=\"1562\" data-end=\"1565\" data-col-size=\"sm\"><\/td>\n<td data-start=\"1565\" data-end=\"1580\" data-col-size=\"md\">Farboptionen<\/td>\n<td data-col-size=\"sm\" data-start=\"1580\" data-end=\"1591\">Mintgr\u00fcn<\/td>\n<td data-col-size=\"sm\" data-start=\"1591\" data-end=\"1614\">Klassisches Schwarz<\/td>\n<\/tr>\n<\/tbody>\n<\/table>\n<\/div>\n<\/div>\n\n<p>&nbsp;<\/p>\n","protected":false},"excerpt":{"rendered":"<p>Intelligente tragbare Tennisballmaschine Leistung auf Profi-Niveau Sp\u00fcren Sie die Geschwindigkeit von 128 km\/h, 60 Umdrehungen pro Sekunde und 1,5 Sekunden Spinwechsel. KI-gest\u00fctzter Trainer Trainieren Sie mit der weltweit ersten Bewegungserfassung. Unbegrenzte individuelle \u00dcbungen Greifen Sie auf \u00fcber 396 voreingestellte \u00dcbungen zu oder erstellen Sie Ihre eigenen mit wenigen Fingertipps. Nahtloses Erlebnis Genie\u00dfen Sie bis zu [&hellip;]<\/p>\n","protected":false},"featured_media":8126,"comment_status":"open","ping_status":"closed","template":"","meta":{"_acf_changed":false,"content-type":""},"pwb-brand":[],"product_brand":[],"product_cat":[640,639],"product_tag":[641],"class_list":{"0":"post-8120","1":"product","2":"type-product","3":"status-publish","4":"has-post-thumbnail","6":"product_cat-profi-modelle-fuer-trainer-clubs","7":"product_cat-tennis-ballmaschinen","8":"product_tag-intelligente-tragbare-tennisballmaschine","10":"first","11":"outofstock","12":"sale","13":"taxable","14":"shipping-taxable","15":"purchasable","16":"product-type-simple"},"acf":[],"brands":[],"_links":{"self":[{"href":"https:\/\/evergold.de\/en\/wp-json\/wp\/v2\/product\/8120","targetHints":{"allow":["GET"]}}],"collection":[{"href":"https:\/\/evergold.de\/en\/wp-json\/wp\/v2\/product"}],"about":[{"href":"https:\/\/evergold.de\/en\/wp-json\/wp\/v2\/types\/product"}],"replies":[{"embeddable":true,"href":"https:\/\/evergold.de\/en\/wp-json\/wp\/v2\/comments?post=8120"}],"wp:featuredmedia":[{"embeddable":true,"href":"https:\/\/evergold.de\/en\/wp-json\/wp\/v2\/media\/8126"}],"wp:attachment":[{"href":"https:\/\/evergold.de\/en\/wp-json\/wp\/v2\/media?parent=8120"}],"wp:term":[{"taxonomy":"pwb-brand","embeddable":true,"href":"https:\/\/evergold.de\/en\/wp-json\/wp\/v2\/pwb-brand?post=8120"},{"taxonomy":"product_brand","embeddable":true,"href":"https:\/\/evergold.de\/en\/wp-json\/wp\/v2\/product_brand?post=8120"},{"taxonomy":"product_cat","embeddable":true,"href":"https:\/\/evergold.de\/en\/wp-json\/wp\/v2\/product_cat?post=8120"},{"taxonomy":"product_tag","embeddable":true,"href":"https:\/\/evergold.de\/en\/wp-json\/wp\/v2\/product_tag?post=8120"}],"curies":[{"name":"wp","href":"https:\/\/api.w.org\/{rel}","templated":true}]}}